{"id":469,"date":"2022-02-10T18:00:51","date_gmt":"2022-02-10T18:00:51","guid":{"rendered":"http:\/\/web.laporciuncula.edu.ec\/?page_id=469"},"modified":"2025-02-12T17:38:15","modified_gmt":"2025-02-12T17:38:15","slug":"historia","status":"publish","type":"page","link":"https:\/\/laporciuncula.edu.ec\/?page_id=469","title":{"rendered":"HISTORIA UEPLP"},"content":{"rendered":"\t\t<div data-elementor-type=\"wp-page\" data-elementor-id=\"469\" class=\"elementor elementor-469\">\n\t\t\t\t\t\t<section class=\"elementor-section elementor-top-section elementor-element elementor-element-0dd4ec4 elementor-section-full_width elementor-section-height-default elementor-section-height-default\" data-id=\"0dd4ec4\" data-element_type=\"section\">\n\t\t\t\t\t\t<div class=\"elementor-container elementor-column-gap-default\">\n\t\t\t\t\t<div class=\"elementor-column elementor-col-100 elementor-top-column elementor-element elementor-element-70d019f\" data-id=\"70d019f\" data-element_type=\"column\">\n\t\t\t<div class=\"elementor-widget-wrap elementor-element-populated\">\n\t\t\t\t\t\t<div class=\"elementor-element elementor-element-ed12073 elementor-widget elementor-widget-image\" data-id=\"ed12073\" data-element_type=\"widget\" data-widget_type=\"image.default\">\n\t\t\t\t<div class=\"elementor-widget-container\">\n\t\t\t<style>\/*! elementor - v3.23.0 - 25-07-2024 *\/\n.elementor-widget-image{text-align:center}.elementor-widget-image a{display:inline-block}.elementor-widget-image a img[src$=\".svg\"]{width:48px}.elementor-widget-image img{vertical-align:middle;display:inline-block}<\/style>\t\t\t\t\t\t\t\t\t\t<img fetchpriority=\"high\" decoding=\"async\" width=\"246\" height=\"300\" src=\"https:\/\/laporciuncula.edu.ec\/wp-content\/uploads\/2022\/02\/Unidad-Educativa-Particular-_La-Porciuncula_-246x300.png\" class=\"attachment-medium size-medium wp-image-102\" alt=\"\" srcset=\"https:\/\/laporciuncula.edu.ec\/wp-content\/uploads\/2022\/02\/Unidad-Educativa-Particular-_La-Porciuncula_-246x300.png 246w, https:\/\/laporciuncula.edu.ec\/wp-content\/uploads\/2022\/02\/Unidad-Educativa-Particular-_La-Porciuncula_.png 512w\" sizes=\"(max-width: 246px) 100vw, 246px\" \/>\t\t\t\t\t\t\t\t\t\t\t\t\t<\/div>\n\t\t\t\t<\/div>\n\t\t\t\t\t<\/div>\n\t\t<\/div>\n\t\t\t\t\t<\/div>\n\t\t<\/section>\n\t\t\t\t<section class=\"elementor-section elementor-top-section elementor-element elementor-element-b7ed66d elementor-section-full_width elementor-section-height-default elementor-section-height-default\" data-id=\"b7ed66d\" data-element_type=\"section\">\n\t\t\t\t\t\t<div class=\"elementor-container elementor-column-gap-default\">\n\t\t\t\t\t<div class=\"elementor-column elementor-col-100 elementor-top-column elementor-element elementor-element-0693476\" data-id=\"0693476\" data-element_type=\"column\">\n\t\t\t<div class=\"elementor-widget-wrap elementor-element-populated\">\n\t\t\t\t\t\t<div class=\"elementor-element elementor-element-046553e elementor-widget elementor-widget-text-editor\" data-id=\"046553e\" data-element_type=\"widget\" data-widget_type=\"text-editor.default\">\n\t\t\t\t<div class=\"elementor-widget-container\">\n\t\t\t<style>\/*! elementor - v3.23.0 - 25-07-2024 *\/\n.elementor-widget-text-editor.elementor-drop-cap-view-stacked .elementor-drop-cap{background-color:#69727d;color:#fff}.elementor-widget-text-editor.elementor-drop-cap-view-framed .elementor-drop-cap{color:#69727d;border:3px solid;background-color:transparent}.elementor-widget-text-editor:not(.elementor-drop-cap-view-default) .elementor-drop-cap{margin-top:8px}.elementor-widget-text-editor:not(.elementor-drop-cap-view-default) .elementor-drop-cap-letter{width:1em;height:1em}.elementor-widget-text-editor .elementor-drop-cap{float:left;text-align:center;line-height:1;font-size:50px}.elementor-widget-text-editor .elementor-drop-cap-letter{display:inline-block}<\/style>\t\t\t\t<h3 style=\"text-align: center;\"><strong>HISTORIA DE LAS HERMANAS FRANCISCANAS MISIONERAS DE LA INMACULADA A NIVEL NACIONAL<\/strong><\/h3><p>\u201cEl 5 de junio de 1895 se declara en Guayaquil la revoluci\u00f3n liberal, que extendi\u00f3 la guerra civil a toda la naci\u00f3n, porque la conciencia cristiana de los ecuatorianos se resist\u00eda a ceder el campo a las nuevas corrientes antirreligiosas\u201d. Cuatro meses de lucha hubo de sostener la rep\u00fablica antes de que el caudillo liberal empezar\u00e1 a ejercer el poder como Jefe Supremo, quien, como para acabar de doblegar a las fuerzas de resistencia desat\u00f3 la persecuci\u00f3n religiosa en la naci\u00f3n ecuatoriana, contra las instituciones de la Iglesia cat\u00f3lica,\u00a0\u201cpersecuci\u00f3n que lleg\u00f3 hasta la profanaci\u00f3n del santuario y de lo m\u00e1s sagrado, el augusto Sacramento de la Eucarist\u00eda, consumado el 4 de mayo de 1897, en la ciudad de Riobamba.<\/p><p>En la capital de la Rep\u00fablica, la Tercera Orden de San Francisco hondamente conmovida ante tan horrendos sacrilegios promueve entre sus miembros, especiales actos de reparaci\u00f3n al Se\u00f1or. A fines de mayo de 1897 en el mismo mes del sacrilegio, bajo la direcci\u00f3n del Padre Jos\u00e9 Mar\u00eda Argelich, franciscano, surgi\u00f3 la idea de fundar una Congregaci\u00f3n Religiosa. Rosa Elena Cornejo es convocada para formar parte de la fundaci\u00f3n, fue as\u00ed que el 4 de junio de 1897, justo al mes del sacrilegio en Riobamba, en ese entonces; en el viejo y deteriorado convento de la recoleta de San Diego se reunieron tres mujeres valerosas y pusieron la primera piedra del edificio de la fundaci\u00f3n. El dolor, el deber, la lucha contra toda adversidad y las tormentas la fueron fraguando en los designios que Dios le ten\u00eda se\u00f1alados. \u201cPodr\u00edamos decir que estaba preparada para empezar la tarea que el Se\u00f1or le quer\u00eda encargar: fundar una congregaci\u00f3n religiosa que viviera el esp\u00edritu total del evangelio, siguiendo las huellas de san Francisco de As\u00eds\u201d. Por eso somos \u201cla Congregaci\u00f3n reparadora por vocaci\u00f3n\u201d, \u201cesta Fundaci\u00f3n tiene bien definidos sus objetivos y metas: ser reparadoras, ser misioneras, ser educadoras.\u201d\u00a0y la misma Madre Francisca de las Llagas escribi\u00f3 el 6 de septiembre de 1920: \u201c\u00a0\u2026. tomo a Mar\u00eda Inmaculada por Medianera, Protectora, Madre y Maestra todo el tiempo de mi vida.\u201d<\/p><p>Fue \u00e9ste el origen del Instituto de Hermanas Franciscanas Misioneras de la Inmaculada que con esp\u00edritu franciscano de reparaci\u00f3n a\u00a0Cristo profanado en la eucarist\u00eda y en el hermano, se dedica actualmente con ejemplar abnegaci\u00f3n a adorar, reparar y servir mediante la atenci\u00f3n de los Ejercicios Espirituales, a las misiones,\u00a0a la educaci\u00f3n de la ni\u00f1ez y a la promoci\u00f3n de los marginados, a la misi\u00f3n itinerante e inter-congregacional, es decir, a edificar el Cuerpo M\u00edstico de Cristo quebrantado por el pecado y la impiedad. Por lo tanto, el Instituto de Hermanas Franciscanas Misioneras de la Inmaculada, es en la Iglesia un Instituto Religioso de Derecho Pontificio, fundado por la Madre Mar\u00eda Francisca de las Llagas Cornejo Pazmi\u00f1o (Rosa Elena) en 1901, en Ecuador.<\/p><p>\u00a0En el misterio y vocaci\u00f3n de nuestra Madre fundadora, Mar\u00eda Francisca de las Llagas Cornejo Pazmi\u00f1o, \u201cafincada en la m\u00e1s acendrada fe, en la m\u00e1s firme esperanza y ardiente caridad\u201d., dispuesta a afrontar todos los sacrificios\u00a0 de la que deriv\u00f3 su m\u00e1xima favorita; \u201cel amor verdadero es todo\u00a0sacrificio\u201d y su\u00a0principio de discernimiento espiritual que \u201clas cosas de Dios para ser conocidas por\u00a0suyas llevan la\u00a0marca de la contradicci\u00f3n\u201d.\u00a0, en la recomendaci\u00f3n como consta en Documentos Capitulares del cap\u00edtulo especial de 1969: \u201cPara que esto sea posible, organ\u00edcese la administraci\u00f3n de los centros de educaci\u00f3n de tal manera que sea posible crear un clima de igualdad y cristiana fraternizaci\u00f3n\u201d, despertando el sentido de \u201cresponsabilidad en los padres de familia\u2026que pueda desarrollarse con un sentido de aut\u00e9ntica promoci\u00f3n social y cristiana\u201d.\u00a0.<\/p><p>El carisma del Instituto de las Hermanas Franciscanas Misioneras de la Inmaculada, en el ejemplo de vida de nuestra fundadora, Madre Mar\u00eda Francisca de las Llagas Cornejo \u201ces adorar, reparar y servir franciscanamente\u201d; por lo tanto nuestra pastoral educativa, es un espacio de participaci\u00f3n, con identidad franciscana y reparadora en el que se fortalece la\u00a0 formaci\u00f3n y crecimiento espiritual, de nuestros estudiantes, docentes, padres de familia, la comunidad religiosa, en esta\u00a0misi\u00f3n est\u00e1 de por medio la salvaci\u00f3n de las almas y el bien de la patria, a la que hay que dar desde nuestras escuelas y colegios,\u00a0miembros vivos y elementos preparados a las exigencias para la sociedad.<\/p><p>Nuestro Instituto est\u00e1 presente en el mundo, con veinte y siete instituciones educativas comprometidas en la promoci\u00f3n de la persona desde nuestra\u00a0manera especial de educar, seg\u00fan nuestra propia pedagog\u00eda, que es la pedagog\u00eda de Jes\u00fas Mt, 5,1; Mt. 28,20, de donde brota la espiritualidad de la Paz y el bien y en \u201cAs\u00ed es como se ama\u201d\u00a0donde los nuevos tiempos nos llaman a encarnar nuestro carisma y\u00a0para llevar adelante la acci\u00f3n evangelizadora y hacer m\u00e1s efectivo y cre\u00edble el carisma en cada localidad, nos corresponde fortalecer e integrar el\u00a0proyecto educativo, el proyecto de pastoral y la organizaci\u00f3n y gesti\u00f3n educativa que garantice la pastoral educativa como Instituto, en la Iglesia cat\u00f3lica, donde cada Instituci\u00f3n pueda ser mejor evangelizada y m\u00e1s evangelizadora. \u201cExiste el enorme compromiso con la Iglesia\u201d y con la sociedad, el Instituto ha crecido en sus obras de apostolado \u201cdebemos ser dignos de nuestra misi\u00f3n y de las esperanzas que en nosotros tienen puestas la Iglesia, la familia y la Patria\u201d.<\/p><p><strong>HISTORIA DE LA UEP \u201cLA PORCI\u00daNCULA\u201d<\/strong><\/p><p>La primera obra educativa en el\u00a0<strong>sur del Ecuador,<\/strong>\u00a0nace en Zamora, en 1936.\u00a0Esta ser\u00eda la antesala de la inminente venida de la Congregaci\u00f3n a nuestra ciudad, es as\u00ed que e\u00a0l d\u00eda 02 de diciembre de 1941 Dios nos concede el privilegio de contar con la fundaci\u00f3n de una casa de Hermanas Franciscanas, en virtud de la iniciativa del P. Pedro O\u00f1ate, Administrador Apost\u00f3lico de Zamora y, desde luego, con el benepl\u00e1cito del Mons. Nicanor Aguirre, Obispo de la Di\u00f3cesis de Loja.<\/p><p>A mediados de diciembre empieza a funcionar provisionalmente la Escuela, que el\u00a0<strong>20 de enero de 1942<\/strong>\u00a0se inaugura oficialmente con el nombre de \u201cEscuela Urbana Confesional de Ni\u00f1as, denominada ESCUELA FRANCISCANA\u201d, seg\u00fan consta en el acta de inauguraci\u00f3n. Sin embargo, la escuela siempre fue conocida con el nombre de \u201cLa Porci\u00fancula\u201d.\u00a0 Las religiosas fundadoras fueron: Hna. Superiora General, Sor Mar\u00eda Francisca de las Llagas, Sor Concepci\u00f3n Troya, Sor Carlota de la Vega, Sor Emiliana Castro, Sor Susana Paredes y Sor Filomena Cajas.<\/p><p>La Divina Providencia suscit\u00f3 la generosidad extrema de tres grandes damas lojanas, las se\u00f1oritas Rosa y Josefina Eguiguren Escudero, que contribuyeron para la fundaci\u00f3n y sostenimiento de la obra religiosa franciscana, hasta 1947. Despu\u00e9s, la se\u00f1ora Marianita Carri\u00f3n de Valdivieso, hace posible el ejercicio funcional de la escuela \u201cLa Porci\u00fancula\u201d, con la donaci\u00f3n de su casa patrimonial, en cuyo predio hoy se levanta el imponente edificio donde funciona la Unidad Educativa Particular \u201cLa Porci\u00fancula\u201d. Tambi\u00e9n mencionamos a otra benefactora especial: la Srta. Isabel Lequerica, que hizo una donaci\u00f3n muy significativa a la Comunidad, con el obsequio de una peque\u00f1a estancia en El Valle. Adem\u00e1s, el cari\u00f1o y la confianza a esta novel instituci\u00f3n educativa, permiti\u00f3 que muchas personas generosas apoyaran su proyecto educativo, incluido el Ilustre Municipio de Loja, que prest\u00f3 su ayuda muy oportuna en los momentos m\u00e1s dif\u00edciles que le toc\u00f3 vivir a la instituci\u00f3n.<\/p><p>En su proceso de desarrollo acad\u00e9mico, la escuela se transforma en colegio secundario, a partir de 1958, con la creaci\u00f3n de las especialidades de Comercio y Administraci\u00f3n. Tres a\u00f1os despu\u00e9s, en 1961, se crean las especialidades de Qu\u00edmico-Biol\u00f3gicas y F\u00edsico-Matem\u00e1ticas; es decir, el Bachillerato en Humanidades Modernas. Finalmente, en el a\u00f1o 2002, en consonancia con los cambios curriculares de car\u00e1cter oficial, la instituci\u00f3n se convierte en Unidad Educativa en virtud de su oferta acad\u00e9mica.<\/p><p>La UEPLP, busca contribuir a la formaci\u00f3n integral del ser humano bajo la filosof\u00eda de la educaci\u00f3n franciscana con su carisma de adorar, reparar y servir, aplicando modelos cient\u00edficamente v\u00e1lidos, sumados a la pedagog\u00eda del amor, para acoger a las personas con sencillez, esfuerzo y sacrificio, sinti\u00e9ndonos hijos amados de Dios, para ello se han establecido los siguientes objetivos institucionales:<\/p><p>a)Educar al ser humano considerando los principios franciscanos, para fomentar y aplicar el carisma de: adorar, reparar y servir.<\/p><p>b)Promover acciones pedag\u00f3gicas aplicando metodolog\u00edas contempor\u00e1neas que garanticen la generaci\u00f3n de logros acad\u00e9micos efectivos.<\/p><p>c)Brindar un servicio educativo acogedor caracterizado por un ejemplo de sencillez, esfuerzo y sacrificio, como hijos de Dios.<\/p>\t\t\t\t\t\t<\/div>\n\t\t\t\t<\/div>\n\t\t\t\t\t<\/div>\n\t\t<\/div>\n\t\t\t\t\t<\/div>\n\t\t<\/section>\n\t\t\t\t<\/div>\n\t\t","protected":false},"excerpt":{"rendered":"<p>HISTORIA DE LAS HERMANAS FRANCISCANAS MISIONERAS DE LA INMACULADA A NIVEL NACIONAL &ldquo;El 5 de junio de 1895 se declara en Guayaquil la revoluci&oacute;n liberal, que extendi&oacute; la guerra civil a toda la naci&oacute;n, porque la conciencia cristiana de los ecuatorianos se resist&iacute;a a ceder el campo a las nuevas corrientes antirreligiosas&rdquo;. Cuatro meses de lucha hubo de sostener la rep&uacute;blica antes de que el caudillo liberal empezar&aacute; a ejercer el poder como Jefe Supremo, quien, como para acabar de doblegar a las fuerzas de resistencia desat&oacute; la persecuci&oacute;n religiosa en la naci&oacute;n ecuatoriana, contra las instituciones de la Iglesia<\/p>\n","protected":false},"author":1,"featured_media":0,"parent":4892,"menu_order":0,"comment_status":"open","ping_status":"closed","template":"elementor_theme","meta":{"footnotes":""},"class_list":["post-469","page","type-page","status-publish","hentry"],"featured_media_urls":[],"_links":{"self":[{"href":"https:\/\/laporciuncula.edu.ec\/index.php?rest_route=\/wp\/v2\/pages\/469","targetHints":{"allow":["GET"]}}],"collection":[{"href":"https:\/\/laporciuncula.edu.ec\/index.php?rest_route=\/wp\/v2\/pages"}],"about":[{"href":"https:\/\/laporciuncula.edu.ec\/index.php?rest_route=\/wp\/v2\/types\/page"}],"author":[{"embeddable":true,"href":"https:\/\/laporciuncula.edu.ec\/index.php?rest_route=\/wp\/v2\/users\/1"}],"replies":[{"embeddable":true,"href":"https:\/\/laporciuncula.edu.ec\/index.php?rest_route=%2Fwp%2Fv2%2Fcomments&post=469"}],"version-history":[{"count":11,"href":"https:\/\/laporciuncula.edu.ec\/index.php?rest_route=\/wp\/v2\/pages\/469\/revisions"}],"predecessor-version":[{"id":6556,"href":"https:\/\/laporciuncula.edu.ec\/index.php?rest_route=\/wp\/v2\/pages\/469\/revisions\/6556"}],"up":[{"embeddable":true,"href":"https:\/\/laporciuncula.edu.ec\/index.php?rest_route=\/wp\/v2\/pages\/4892"}],"wp:attachment":[{"href":"https:\/\/laporciuncula.edu.ec\/index.php?rest_route=%2Fwp%2Fv2%2Fmedia&parent=469"}],"curies":[{"name":"wp","href":"https:\/\/api.w.org\/{rel}","templated":true}]}}