{"id":481,"date":"2022-02-10T18:11:15","date_gmt":"2022-02-10T18:11:15","guid":{"rendered":"http:\/\/web.laporciuncula.edu.ec\/?page_id=481"},"modified":"2025-12-19T17:40:23","modified_gmt":"2025-12-19T17:40:23","slug":"mision-y-vision","status":"publish","type":"page","link":"https:\/\/laporciuncula.edu.ec\/?page_id=481","title":{"rendered":"MISI\u00d3N Y VISI\u00d3N"},"content":{"rendered":"\t\t<div data-elementor-type=\"wp-page\" data-elementor-id=\"481\" class=\"elementor elementor-481\">\n\t\t\t\t\t\t<section class=\"elementor-section elementor-top-section elementor-element elementor-element-da0c934 elementor-section-boxed elementor-section-height-default elementor-section-height-default\" data-id=\"da0c934\" data-element_type=\"section\">\n\t\t\t\t\t\t<div class=\"elementor-container elementor-column-gap-default\">\n\t\t\t\t\t<div class=\"elementor-column elementor-col-100 elementor-top-column elementor-element elementor-element-deccc44\" data-id=\"deccc44\" data-element_type=\"column\">\n\t\t\t<div class=\"elementor-widget-wrap elementor-element-populated\">\n\t\t\t\t\t\t<div class=\"elementor-element elementor-element-1e6c0c9 elementor-widget elementor-widget-heading\" data-id=\"1e6c0c9\" data-element_type=\"widget\" data-widget_type=\"heading.default\">\n\t\t\t\t<div class=\"elementor-widget-container\">\n\t\t\t<style>\/*! elementor - v3.23.0 - 25-07-2024 *\/\n.elementor-heading-title{padding:0;margin:0;line-height:1}.elementor-widget-heading .elementor-heading-title[class*=elementor-size-]>a{color:inherit;font-size:inherit;line-height:inherit}.elementor-widget-heading .elementor-heading-title.elementor-size-small{font-size:15px}.elementor-widget-heading .elementor-heading-title.elementor-size-medium{font-size:19px}.elementor-widget-heading .elementor-heading-title.elementor-size-large{font-size:29px}.elementor-widget-heading .elementor-heading-title.elementor-size-xl{font-size:39px}.elementor-widget-heading .elementor-heading-title.elementor-size-xxl{font-size:59px}<\/style><h2 class=\"elementor-heading-title elementor-size-default\"><br><br>\u00bfQui\u00e9nes Somos?<br>\nUNIDAD EDUCATIVA PARTICULAR  \n\u201cLA PORCI\u00daNCULA\u201d<\/h2>\t\t<\/div>\n\t\t\t\t<\/div>\n\t\t\t\t\t<\/div>\n\t\t<\/div>\n\t\t\t\t\t<\/div>\n\t\t<\/section>\n\t\t\t\t<section class=\"elementor-section elementor-top-section elementor-element elementor-element-18055c7 elementor-section-boxed elementor-section-height-default elementor-section-height-default\" data-id=\"18055c7\" data-element_type=\"section\">\n\t\t\t\t\t\t<div class=\"elementor-container elementor-column-gap-default\">\n\t\t\t\t\t<div class=\"elementor-column elementor-col-50 elementor-top-column elementor-element elementor-element-3c2f070\" data-id=\"3c2f070\" data-element_type=\"column\">\n\t\t\t<div class=\"elementor-widget-wrap elementor-element-populated\">\n\t\t\t\t\t\t<div class=\"elementor-element elementor-element-b16700f elementor-widget elementor-widget-text-editor\" data-id=\"b16700f\" data-element_type=\"widget\" data-widget_type=\"text-editor.default\">\n\t\t\t\t<div class=\"elementor-widget-container\">\n\t\t\t<style>\/*! elementor - v3.23.0 - 25-07-2024 *\/\n.elementor-widget-text-editor.elementor-drop-cap-view-stacked .elementor-drop-cap{background-color:#69727d;color:#fff}.elementor-widget-text-editor.elementor-drop-cap-view-framed .elementor-drop-cap{color:#69727d;border:3px solid;background-color:transparent}.elementor-widget-text-editor:not(.elementor-drop-cap-view-default) .elementor-drop-cap{margin-top:8px}.elementor-widget-text-editor:not(.elementor-drop-cap-view-default) .elementor-drop-cap-letter{width:1em;height:1em}.elementor-widget-text-editor .elementor-drop-cap{float:left;text-align:center;line-height:1;font-size:50px}.elementor-widget-text-editor .elementor-drop-cap-letter{display:inline-block}<\/style>\t\t\t\t<p><strong>PROPUESTA PEDAG\u00d3GICA<\/strong><\/p><p>La Propuesta Pedag\u00f3gica de la Unidad Educativa Particular La Porci\u00fancula es el instrumento donde se plasma las intenciones para el proceso de ense\u00f1anza \u2013 aprendizaje, en el contexto de evangelizar al ser humano a trav\u00e9s de una Educaci\u00f3n Cat\u00f3lica Franciscana Reparadora, basada en la pedagog\u00eda del Amor de Mar\u00eda Francisca de las Llagas; la Propuesta Pedag\u00f3gica de la Instituci\u00f3n permitir\u00e1 orientar el Proyecto Educativo Institucional, la Planificaci\u00f3n Curricular Institucional y el C\u00f3digo de Convivencia.<\/p><p><strong>VISI\u00d3N<\/strong><\/p><p>\u201cAnhelamos hasta el 2024 ser una instituci\u00f3n educativa cat\u00f3lica franciscana reparadora, l\u00edderes en la evangelizaci\u00f3n y centrada en la formaci\u00f3n del ser humano con mente creativa y cr\u00edtica, a trav\u00e9s de la estimulaci\u00f3n del pensamiento divergente y el trabajo colaborativo en los estudiantes, para enfrentar los desaf\u00edos de la nueva sociedad del conocimiento con justicia, innovaci\u00f3n y solidaridad.\u201d<\/p><p><strong>MISI\u00d3N<\/strong>\u00a0<\/p><p>\u201cSomos una Instituci\u00f3n Educativa Particular cat\u00f3lica franciscana, ecol\u00f3gica e inclusiva, constituida por hermanas, docentes y laicos capacitados y comprometidos con el Evangelio, la Pedagog\u00eda del Amor e inspirados en el carisma de adorar, reparar y servir de Sor Mar\u00eda Francisca de las Llagas, ofrecemos educaci\u00f3n integral a ni\u00f1os, j\u00f3venes y familias de Inicial 2, Educaci\u00f3n General B\u00e1sica y Bachillerato; desarrollando, fortaleciendo y potenciando el pensamiento l\u00f3gico y propositivo para generar alternativas de soluci\u00f3n creativas frente a las problem\u00e1ticas sociales del contexto y del mundo actual.\u201d<\/p>\t\t\t\t\t\t<\/div>\n\t\t\t\t<\/div>\n\t\t\t\t\t<\/div>\n\t\t<\/div>\n\t\t\t\t<div class=\"elementor-column elementor-col-50 elementor-top-column elementor-element elementor-element-e2e31f8 elementor-invisible\" data-id=\"e2e31f8\" data-element_type=\"column\" data-settings=\"{&quot;background_background&quot;:&quot;slideshow&quot;,&quot;animation&quot;:&quot;fadeInDown&quot;,&quot;background_slideshow_gallery&quot;:[],&quot;background_slideshow_loop&quot;:&quot;yes&quot;,&quot;background_slideshow_slide_duration&quot;:5000,&quot;background_slideshow_slide_transition&quot;:&quot;fade&quot;,&quot;background_slideshow_transition_duration&quot;:500}\">\n\t\t\t<div class=\"elementor-widget-wrap elementor-element-populated\">\n\t\t\t\t\t\t<div class=\"elementor-element elementor-element-d092574 elementor-widget elementor-widget-image\" data-id=\"d092574\" data-element_type=\"widget\" data-widget_type=\"image.default\">\n\t\t\t\t<div class=\"elementor-widget-container\">\n\t\t\t<style>\/*! elementor - v3.23.0 - 25-07-2024 *\/\n.elementor-widget-image{text-align:center}.elementor-widget-image a{display:inline-block}.elementor-widget-image a img[src$=\".svg\"]{width:48px}.elementor-widget-image img{vertical-align:middle;display:inline-block}<\/style>\t\t\t\t\t\t\t\t\t\t<img fetchpriority=\"high\" decoding=\"async\" width=\"768\" height=\"496\" src=\"https:\/\/laporciuncula.edu.ec\/wp-content\/uploads\/2022\/02\/portada-768x496.jpg\" class=\"attachment-medium_large size-medium_large wp-image-255\" alt=\"\" srcset=\"https:\/\/laporciuncula.edu.ec\/wp-content\/uploads\/2022\/02\/portada-768x496.jpg 768w, https:\/\/laporciuncula.edu.ec\/wp-content\/uploads\/2022\/02\/portada-300x194.jpg 300w, https:\/\/laporciuncula.edu.ec\/wp-content\/uploads\/2022\/02\/portada.jpg 810w\" sizes=\"(max-width: 768px) 100vw, 768px\" \/>\t\t\t\t\t\t\t\t\t\t\t\t\t<\/div>\n\t\t\t\t<\/div>\n\t\t\t\t\t<\/div>\n\t\t<\/div>\n\t\t\t\t\t<\/div>\n\t\t<\/section>\n\t\t\t\t<\/div>\n\t\t","protected":false},"excerpt":{"rendered":"<p>&iquest;Qui&eacute;nes Somos? UNIDAD EDUCATIVA PARTICULAR &ldquo;LA PORCI&Uacute;NCULA&rdquo; PROPUESTA PEDAG&Oacute;GICA La Propuesta Pedag&oacute;gica de la Unidad Educativa Particular La Porci&uacute;ncula es el instrumento donde se plasma las intenciones para el proceso de ense&ntilde;anza &ndash; aprendizaje, en el contexto de evangelizar al ser humano a trav&eacute;s de una Educaci&oacute;n Cat&oacute;lica Franciscana Reparadora, basada en la pedagog&iacute;a del Amor de Mar&iacute;a Francisca de las Llagas; la Propuesta Pedag&oacute;gica de la Instituci&oacute;n permitir&aacute; orientar el Proyecto Educativo Institucional, la Planificaci&oacute;n Curricular Institucional y el C&oacute;digo de Convivencia. VISI&Oacute;N &ldquo;Anhelamos hasta el 2024 ser una instituci&oacute;n educativa cat&oacute;lica franciscana reparadora, l&iacute;deres en la evangelizaci&oacute;n y<\/p>\n","protected":false},"author":1,"featured_media":0,"parent":4892,"menu_order":0,"comment_status":"open","ping_status":"closed","template":"elementor_theme","meta":{"footnotes":""},"class_list":["post-481","page","type-page","status-publish","hentry"],"featured_media_urls":[],"_links":{"self":[{"href":"https:\/\/laporciuncula.edu.ec\/index.php?rest_route=\/wp\/v2\/pages\/481","targetHints":{"allow":["GET"]}}],"collection":[{"href":"https:\/\/laporciuncula.edu.ec\/index.php?rest_route=\/wp\/v2\/pages"}],"about":[{"href":"https:\/\/laporciuncula.edu.ec\/index.php?rest_route=\/wp\/v2\/types\/page"}],"author":[{"embeddable":true,"href":"https:\/\/laporciuncula.edu.ec\/index.php?rest_route=\/wp\/v2\/users\/1"}],"replies":[{"embeddable":true,"href":"https:\/\/laporciuncula.edu.ec\/index.php?rest_route=%2Fwp%2Fv2%2Fcomments&post=481"}],"version-history":[{"count":13,"href":"https:\/\/laporciuncula.edu.ec\/index.php?rest_route=\/wp\/v2\/pages\/481\/revisions"}],"predecessor-version":[{"id":7159,"href":"https:\/\/laporciuncula.edu.ec\/index.php?rest_route=\/wp\/v2\/pages\/481\/revisions\/7159"}],"up":[{"embeddable":true,"href":"https:\/\/laporciuncula.edu.ec\/index.php?rest_route=\/wp\/v2\/pages\/4892"}],"wp:attachment":[{"href":"https:\/\/laporciuncula.edu.ec\/index.php?rest_route=%2Fwp%2Fv2%2Fmedia&parent=481"}],"curies":[{"name":"wp","href":"https:\/\/api.w.org\/{rel}","templated":true}]}}